{"id":50,"date":"2019-07-19T21:32:15","date_gmt":"2019-07-19T19:32:15","guid":{"rendered":"https:\/\/zendental.es\/lp\/?page_id=50"},"modified":"2021-10-06T23:02:06","modified_gmt":"2021-10-06T21:02:06","slug":"ebook-poliza-zen","status":"publish","type":"page","link":"https:\/\/zendental.es\/lp\/ebook-poliza-zen\/","title":{"rendered":"Ebook poliza zen Librillo"},"content":{"rendered":"<p>[vc_section full_width=\u00bbstretch_row\u00bb content_placement=\u00bbmiddle\u00bb css=\u00bb.vc_custom_1632490552872{margin-right: 0px !important;margin-left: 0px !important;padding-top: 50px !important;padding-bottom: 50px !important;background-image: url(https:\/\/zendental.es\/lp\/wp-content\/uploads\/2021\/09\/Poliza-Zen-header.jpg?id=910) !important;background-position: center !important;background-repeat: no-repeat !important;background-size: cover !important;}\u00bb el_class=\u00bbsec-head-lp\u00bb][vc_row content_placement=\u00bbmiddle\u00bb el_id=\u00bbformulario\u00bb][vc_column width=\u00bb1\/2&#8243;][vc_column_text]<\/p>\n<h1 class=\"subtit-head-lp\" style=\"text-align: left;\">\u00a1Con la P\u00f3liza Zen de Zen Dental, cuidar de tu salud oral y la de toda tu familia nunca fue m\u00e1s f\u00e1cil!<\/h1>\n<p class=\"head-lp-p\" style=\"text-align: left;\">Descarga nuestro eBook y ent\u00e9rate de todo lo que necesitas saber antes de iniciar tu tratamiento<\/p>\n<p>[\/vc_column_text][\/vc_column][vc_column width=\u00bb1\/2&#8243; css=\u00bb.vc_custom_1573153424552{background-color: rgba(255,255,255,0.63) !important;*background-color: rgb(255,255,255) !important;border-radius: 10px !important;}\u00bb el_class=\u00bbcol-form\u00bb][vc_column_text]\t    <!-- INICIA FORMULARIO -->\n<div id='crmWebToEntityForm' class=\"form-zendental-general poliza-zen form-ebooks\">\n<META HTTP-EQUIV ='content-type' CONTENT='text\/html;charset=UTF-8'>\n<form action='https:\/\/crm.zoho.com\/crm\/WebToLeadForm' name=WebToLeads4053159000000286001 method='POST' onSubmit='javascript:document.charset=\"UTF-8\"; return checkMandatory4053159000000286001()' accept-charset='UTF-8'>\n\n <input type='text' style='display:none;' name='xnQsjsdp' value='f464b32e519f3db6aec4e67a6e762b0517dda6164a184653ea8f2923743bbff5'><\/input> \n <input type='hidden' name='zc_gad' id='zc_gad' value=''><\/input> \n <input type='text' style='display:none;' name='xmIwtLD' value='b8782b9535dd03c972af9f0e4ccc58be9935e2c98793470efa2c787dda7132bd'><\/input> \n <input type='text'  style='display:none;' name='actionType' value='TGVhZHM='><\/input>\n <input type='text' style='display:none;' name='returnURL' value='https:\/\/zendental.es\/lp\/descarga-poliza\/'> <\/input>\n   <!-- Do not remove this code. -->\n<label>Nombre*<\/label>\n<input type='text' maxlength='40' name='First Name' placeholder=\"Pablo\" \/>\n<label>Apellido*<\/label>\n<input type='text' class=\"zohoitem box-apellido\" maxlength='80' name='Last Name' placeholder=\"Gonzalez\" \/>\n<label>Tel\u00e9fono*<\/label>\n<input type='text' maxlength='30' name='Phone' placeholder=\"000 00 00 00\" \/>\n<label>Email*<\/label>\n<input type='text' class=\"zohoitem\"  maxlength='100' name='Email' placeholder=\"pablog@gmail.com\" \/>\n<input name='Lead Source' type=\"hidden\" value=\"Organico\">\n<input name='LEADCF5' type=\"hidden\" id=\"ebooks-url\" value=\"ebook-implantes\">\n\n<input id='formsubmit' class=\"btn-ebooks\" type='submit' value='\u00a1Desc\u00e1rgalo GRATIS!' >\n<script>\n\tvar pathname = window.location.pathname.split('\/');\n\tvar pathname2 = pathname[2];\n\tdocument.getElementById(\"ebooks-url\").value = pathname2;\n\tconsole.log(pathname2);\n \t  var mndFileds=new Array('Email','First Name','Last Name','Phone');\n \t  var fldLangVal=new Array('Correo electr\u00f3nico','Nombre','Apellidos','Tel\u00e9fono'); \n\t\tvar name='';\n\t\tvar email='';\n\n \t  function checkMandatory4053159000000286001() {\n\t\tfor(i=0;i<mndFileds.length;i++) {\n\t\t  var fieldObj=document.forms['WebToLeads4053159000000286001'][mndFileds[i]];\n\t\t  if(fieldObj) {\n\t\t\tif (((fieldObj.value).replace(\/^\\s+|\\s+$\/g, '')).length==0) {\n\t\t\t if(fieldObj.type =='file')\n\t\t\t\t{ \n\t\t\t\t alert('Seleccione un archivo para cargar.'); \n\t\t\t\t fieldObj.focus(); \n\t\t\t\t return false;\n\t\t\t\t} \n\t\t\talert(fldLangVal[i] +' no puede estar vac\u00edo.'); \n   \t   \t  \t  fieldObj.focus();\n   \t   \t  \t  return false;\n\t\t\t}  else if(fieldObj.nodeName=='SELECT') {\n  \t   \t   \t if(fieldObj.options[fieldObj.selectedIndex].value=='-None-') {\n\t\t\t\talert(fldLangVal[i] +' no puede ser nulo.'); \n\t\t\t\tfieldObj.focus();\n\t\t\t\treturn false;\n\t\t\t   }\n\t\t\t} else if(fieldObj.type =='checkbox'){\n \t \t \t if(fieldObj.checked == false){\n\t\t\t\talert('Please accept  '+fldLangVal[i]);\n\t\t\t\tfieldObj.focus();\n\t\t\t\treturn false;\n\t\t\t   } \n\t\t\t } \n\t\t\t try {\n\t\t\t     if(fieldObj.name == 'Last Name') {\n\t\t\t\tname = fieldObj.value;\n \t \t \t    }\n\t\t\t} catch (e) {}\n\t\t    }\n\t\t}\n\t\ttrackVisitor();\n\t\tdocument.getElementById('formsubmit').disabled=true;\n\t}\n<\/script>\n  <\/form>\n<\/div>\n<!-- FIN FORMULARIO -->\n[\/vc_column_text][\/vc_column][\/vc_row][\/vc_section][vc_section full_width=\u00bbstretch_row\u00bb el_class=\u00bbsec-lp2&#8243; css=\u00bb.vc_custom_1573139939735{padding-top: 50px !important;padding-bottom: 50px !important;background-color: #f2f2f2 !important;}\u00bb][vc_row content_placement=\u00bbmiddle\u00bb el_class=\u00bbinvert-movil\u00bb][vc_column width=\u00bb1\/2&#8243;][vc_column_text]<\/p>\n<p class=\"tit2-sec2-lp\" style=\"text-align: center;\">\u00a1Precios que te convienen!<\/p>\n<p class=\"txt2-sec2-lp\" style=\"text-align: center;\">Con las P\u00f3lizas Zen dental podr\u00e1s disfrutar de numerosas prestaciones, revisiones y consultas gratuitas y de precios preferentes en todos los tratamientos odontol\u00f3gicos.<\/p>\n<p style=\"text-align: center;\"><strong>Esta es la soluci\u00f3n de Zen dental para facilitar a las familias el acceso a un tratamiento odontol\u00f3gico de calidad, en unas condiciones preferentes y con unos precios muy competitivos.<\/strong><\/p>\n<p>[\/vc_column_text][vc_btn title=\u00bbDesc\u00e1rgalo ahora\u00bb style=\u00bboutline\u00bb color=\u00bbwarning\u00bb size=\u00bblg\u00bb align=\u00bbcenter\u00bb link=\u00bburl:%23formulario|||\u00bb][\/vc_column][vc_column width=\u00bb1\/2&#8243;][vc_single_image image=\u00bb160&#8243; img_size=\u00bbfull\u00bb alignment=\u00bbcenter\u00bb onclick=\u00bbcustom_link\u00bb link=\u00bb#\u00bb el_class=\u00bbimg-ebook ebook-center-movil\u00bb][\/vc_column][\/vc_row][\/vc_section][vc_section css=\u00bb.vc_custom_1579786971464{padding-top: 50px !important;padding-bottom: 50px !important;background-color: #f2f2f2 !important;}\u00bb][vc_row][vc_column width=\u00bb1\/5&#8243;][vc_single_image image=\u00bb914&#8243; img_size=\u00bbfull\u00bb alignment=\u00bbcenter\u00bb][vc_column_text el_class=\u00bbpoliza-tratamiento\u00bb]<\/p>\n<p style=\"text-align: center;\"><strong>Tratamientos<\/strong><\/p>\n<p>Examen y diagn\u00f3stico, visitas con odont\u00f3logo o especialista, Rx digital panor\u00e1mica, higiene, obturaciones, endodoncias, pr\u00f3tesis fija, removible, sobre implantes, apnea del sue\u00f1o, oclusi\u00f3n y ATM[\/vc_column_text][\/vc_column][vc_column width=\u00bb1\/5&#8243;][vc_single_image image=\u00bb915&#8243; img_size=\u00bbfull\u00bb alignment=\u00bbcenter\u00bb][vc_column_text el_class=\u00bbpoliza-tratamiento\u00bb]<\/p>\n<p style=\"text-align: center;\"><strong>Est\u00e9tica<\/strong><\/p>\n<p>Blanqueamiento con Luz Fr\u00eda, carillas cer\u00e1micas, carillas de composite, coronas de zirconio, ortodoncia con brackets est\u00e9ticos, removibles u ortodoncia invisible[\/vc_column_text][\/vc_column][vc_column width=\u00bb1\/5&#8243;][vc_single_image image=\u00bb916&#8243; img_size=\u00bbfull\u00bb alignment=\u00bbcenter\u00bb][vc_column_text el_class=\u00bbpoliza-tratamiento\u00bb]<\/p>\n<p style=\"text-align: center;\"><strong>Implantes<\/strong><\/p>\n<p>Implantes dentales, cirug\u00eda oral, periodoncia, Plasma Rico en Plaquetas (PRP) y sedaci\u00f3n consciente[\/vc_column_text][\/vc_column][vc_column width=\u00bb1\/5&#8243;][vc_single_image image=\u00bb917&#8243; img_size=\u00bbfull\u00bb alignment=\u00bbcenter\u00bb][vc_column_text el_class=\u00bbpoliza-tratamiento\u00bb]<\/p>\n<p style=\"text-align: center;\"><strong>Infantil<\/strong><\/p>\n<p>Odontopediatr\u00eda, ortodoncia, preortodoncia y embarazo y lactancia[\/vc_column_text][\/vc_column][vc_column width=\u00bb1\/5&#8243;][vc_single_image image=\u00bb918&#8243; img_size=\u00bbfull\u00bb alignment=\u00bbcenter\u00bb][vc_column_text el_class=\u00bbpoliza-tratamiento\u00bb]<\/p>\n<p class=\"tits\" style=\"text-align: center;\"><strong>Zen Dental para todos<\/strong><\/p>\n<p>Gerodontolog\u00eda, atenci\u00f3n especial a personas con limitaciones f\u00edsicas o cognitivas[\/vc_column_text][\/vc_column][\/vc_row][\/vc_section][vc_section full_width=\u00bbstretch_row\u00bb el_class=\u00bbsec-lp4 cta-poliza\u00bb css=\u00bb.vc_custom_1632497028929{margin-top: 0px !important;padding-top: 50px !important;padding-bottom: 50px !important;background-image: url(https:\/\/zendental.es\/lp\/wp-content\/uploads\/2021\/09\/bg-frase1.jpg?id=922) !important;background-position: center !important;background-repeat: no-repeat !important;background-size: cover !important;}\u00bb][vc_row][vc_column][vc_column_text]<\/p>\n<h2 style=\"text-align: center;\">Con tu p\u00f3liza Zen, ahorrar\u00e1s dinero en tus tratamientos<strong> sin renunciar a una odontolog\u00eda de calidad<\/strong><\/h2>\n<p>[\/vc_column_text][vc_btn title=\u00bbSOLICITA TU CITA CITA\u00bb style=\u00bbflat\u00bb color=\u00bbwarning\u00bb size=\u00bblg\u00bb align=\u00bbcenter\u00bb link=\u00bburl:https%3A%2F%2Fpintarcochevalencia.es%2Flp%2Fsolicita-tu-cita-zendental%2F|title:Solicita%20tu%20cita%20Zendental||\u00bb][\/vc_column][\/vc_row][\/vc_section][vc_row][vc_column][vc_raw_html]JTNDc2VjdGlvbiUyMGNsYXNzJTNEJTIyaW5zdGFncmFtLXJvdyUyMiUzRSUwQSUyMCUyMCUyMCUyMCUyMCUyMCUyMCUwOSUwOSU1Qmluc3RhZ3JhbS1mZWVkJTIwbnVtJTNEMTIlMjBjb2xzJTNENiU1RCUwQSUyMCUyMCUyMCUyMCUyMCUyMCUyMCUwOSUwOSUzQ2ElMjAlMjBjbGFzcyUzRCUyMnNpZ3Vlbm9zLWluc3RhJTIyJTIwaHJlZiUzRCUyMmh0dHBzJTNBJTJGJTJGd3d3Lmluc3RhZ3JhbS5jb20lMkZ6ZW5kZW50YWxlc3AlMkYlMjIlMjB0YXJnZXQlM0QlMjJfYmxhbmslMjIlM0UlM0NpbWclMjBzcmMlM0QlMjJodHRwcyUzQSUyRiUyRnd3dy56ZW5kZW50YWwuZXMlMkZ3cC1jb250ZW50JTJGdXBsb2FkcyUyRjIwMTklMkYwNyUyRmluc3RhZ3JhbS16ZW5kZW50YWwucG5nJTIyJTNFJTNDJTJGYSUzRSUwQSUyMCUyMCUyMCUyMCUyMCUyMCUyMCUzQyUyRnNlY3Rpb24lM0U=[\/vc_raw_html][\/vc_column][\/vc_row]<\/p>\n","protected":false},"excerpt":{"rendered":"<p>[vc_section full_width=\u00bbstretch_row\u00bb content_placement=\u00bbmiddle\u00bb css=\u00bb.vc_custom_1632490552872{margin-right: 0px !important;margin-left: 0px !important;padding-top: 50px !important;padding-bottom: 50px !important;background-image: url(https:\/\/zendental.es\/lp\/wp-content\/uploads\/2021\/09\/Poliza-Zen-header.jpg?id=910) !important;background-position: center !important;background-repeat: no-repeat !important;background-size: cover !important;}\u00bb el_class=\u00bbsec-head-lp\u00bb][vc_row content_placement=\u00bbmiddle\u00bb el_id=\u00bbformulario\u00bb][vc_column width=\u00bb1\/2&#8243;][vc_column_text] \u00a1Con la P\u00f3liza Zen de Zen Dental, cuidar de tu salud oral y la de toda tu familia nunca fue m\u00e1s f\u00e1cil! Descarga nuestro eBook y ent\u00e9rate de todo lo que [&hellip;]<\/p>\n","protected":false},"author":1,"featured_media":162,"parent":0,"menu_order":0,"comment_status":"closed","ping_status":"closed","template":"plantillaComposer.php","meta":{"footnotes":""},"class_list":["post-50","page","type-page","status-publish","has-post-thumbnail","hentry"],"yoast_head":"<!-- This site is optimized with the Yoast SEO plugin v26.5 - https:\/\/yoast.com\/wordpress\/plugins\/seo\/ -->\n<title>Ebook poliza zen Librillo - Zendental<\/title>\n<meta name=\"description\" content=\"Descarga nuestro eBook y ent\u00e9rate de todo lo que necesitas saber antes de iniciar tu tratamiento\" \/>\n<meta name=\"robots\" content=\"noindex, follow, max-snippet:-1, max-image-preview:large, max-video-preview:-1\" \/>\n<meta property=\"og:locale\" content=\"es_ES\" \/>\n<meta property=\"og:type\" content=\"article\" \/>\n<meta property=\"og:title\" content=\"Ebook poliza zen Librillo - Zendental\" \/>\n<meta property=\"og:description\" content=\"Descarga nuestro eBook y ent\u00e9rate de todo lo que necesitas saber antes de iniciar tu tratamiento\" \/>\n<meta property=\"og:url\" content=\"https:\/\/zendental.es\/lp\/ebook-poliza-zen\/\" \/>\n<meta property=\"og:site_name\" content=\"Zendental\" \/>\n<meta property=\"article:modified_time\" content=\"2021-10-06T21:02:06+00:00\" \/>\n<meta property=\"og:image\" content=\"https:\/\/zendental.es\/lp\/wp-content\/uploads\/2019\/10\/bg-header-4.jpg\" \/>\n\t<meta property=\"og:image:width\" content=\"968\" \/>\n\t<meta property=\"og:image:height\" content=\"650\" \/>\n\t<meta property=\"og:image:type\" content=\"image\/jpeg\" \/>\n<meta name=\"twitter:card\" content=\"summary_large_image\" \/>\n<meta name=\"twitter:label1\" content=\"Tiempo de lectura\" \/>\n\t<meta name=\"twitter:data1\" content=\"4 minutos\" \/>\n<script type=\"application\/ld+json\" class=\"yoast-schema-graph\">{\"@context\":\"https:\/\/schema.org\",\"@graph\":[{\"@type\":\"WebPage\",\"@id\":\"https:\/\/zendental.es\/lp\/ebook-poliza-zen\/\",\"url\":\"https:\/\/zendental.es\/lp\/ebook-poliza-zen\/\",\"name\":\"Ebook poliza zen Librillo - Zendental\",\"isPartOf\":{\"@id\":\"https:\/\/zendental.es\/lp\/#website\"},\"primaryImageOfPage\":{\"@id\":\"https:\/\/zendental.es\/lp\/ebook-poliza-zen\/#primaryimage\"},\"image\":{\"@id\":\"https:\/\/zendental.es\/lp\/ebook-poliza-zen\/#primaryimage\"},\"thumbnailUrl\":\"https:\/\/zendental.es\/lp\/wp-content\/uploads\/2019\/10\/bg-header-4.jpg\",\"datePublished\":\"2019-07-19T19:32:15+00:00\",\"dateModified\":\"2021-10-06T21:02:06+00:00\",\"description\":\"Descarga nuestro eBook y ent\u00e9rate de todo lo que necesitas saber antes de iniciar tu tratamiento\",\"breadcrumb\":{\"@id\":\"https:\/\/zendental.es\/lp\/ebook-poliza-zen\/#breadcrumb\"},\"inLanguage\":\"es\",\"potentialAction\":[{\"@type\":\"ReadAction\",\"target\":[\"https:\/\/zendental.es\/lp\/ebook-poliza-zen\/\"]}]},{\"@type\":\"ImageObject\",\"inLanguage\":\"es\",\"@id\":\"https:\/\/zendental.es\/lp\/ebook-poliza-zen\/#primaryimage\",\"url\":\"https:\/\/zendental.es\/lp\/wp-content\/uploads\/2019\/10\/bg-header-4.jpg\",\"contentUrl\":\"https:\/\/zendental.es\/lp\/wp-content\/uploads\/2019\/10\/bg-header-4.jpg\",\"width\":968,\"height\":650},{\"@type\":\"BreadcrumbList\",\"@id\":\"https:\/\/zendental.es\/lp\/ebook-poliza-zen\/#breadcrumb\",\"itemListElement\":[{\"@type\":\"ListItem\",\"position\":1,\"name\":\"Portada\",\"item\":\"https:\/\/zendental.es\/lp\/\"},{\"@type\":\"ListItem\",\"position\":2,\"name\":\"Ebook poliza zen Librillo\"}]},{\"@type\":\"WebSite\",\"@id\":\"https:\/\/zendental.es\/lp\/#website\",\"url\":\"https:\/\/zendental.es\/lp\/\",\"name\":\"Zendental\",\"description\":\"Cl&iacute;nica dental\",\"potentialAction\":[{\"@type\":\"SearchAction\",\"target\":{\"@type\":\"EntryPoint\",\"urlTemplate\":\"https:\/\/zendental.es\/lp\/?s={search_term_string}\"},\"query-input\":{\"@type\":\"PropertyValueSpecification\",\"valueRequired\":true,\"valueName\":\"search_term_string\"}}],\"inLanguage\":\"es\"}]}<\/script>\n<!-- \/ Yoast SEO plugin. -->","yoast_head_json":{"title":"Ebook poliza zen Librillo - Zendental","description":"Descarga nuestro eBook y ent\u00e9rate de todo lo que necesitas saber antes de iniciar tu tratamiento","robots":{"index":"noindex","follow":"follow","max-snippet":"max-snippet:-1","max-image-preview":"max-image-preview:large","max-video-preview":"max-video-preview:-1"},"og_locale":"es_ES","og_type":"article","og_title":"Ebook poliza zen Librillo - Zendental","og_description":"Descarga nuestro eBook y ent\u00e9rate de todo lo que necesitas saber antes de iniciar tu tratamiento","og_url":"https:\/\/zendental.es\/lp\/ebook-poliza-zen\/","og_site_name":"Zendental","article_modified_time":"2021-10-06T21:02:06+00:00","og_image":[{"width":968,"height":650,"url":"https:\/\/zendental.es\/lp\/wp-content\/uploads\/2019\/10\/bg-header-4.jpg","type":"image\/jpeg"}],"twitter_card":"summary_large_image","twitter_misc":{"Tiempo de lectura":"4 minutos"},"schema":{"@context":"https:\/\/schema.org","@graph":[{"@type":"WebPage","@id":"https:\/\/zendental.es\/lp\/ebook-poliza-zen\/","url":"https:\/\/zendental.es\/lp\/ebook-poliza-zen\/","name":"Ebook poliza zen Librillo - Zendental","isPartOf":{"@id":"https:\/\/zendental.es\/lp\/#website"},"primaryImageOfPage":{"@id":"https:\/\/zendental.es\/lp\/ebook-poliza-zen\/#primaryimage"},"image":{"@id":"https:\/\/zendental.es\/lp\/ebook-poliza-zen\/#primaryimage"},"thumbnailUrl":"https:\/\/zendental.es\/lp\/wp-content\/uploads\/2019\/10\/bg-header-4.jpg","datePublished":"2019-07-19T19:32:15+00:00","dateModified":"2021-10-06T21:02:06+00:00","description":"Descarga nuestro eBook y ent\u00e9rate de todo lo que necesitas saber antes de iniciar tu tratamiento","breadcrumb":{"@id":"https:\/\/zendental.es\/lp\/ebook-poliza-zen\/#breadcrumb"},"inLanguage":"es","potentialAction":[{"@type":"ReadAction","target":["https:\/\/zendental.es\/lp\/ebook-poliza-zen\/"]}]},{"@type":"ImageObject","inLanguage":"es","@id":"https:\/\/zendental.es\/lp\/ebook-poliza-zen\/#primaryimage","url":"https:\/\/zendental.es\/lp\/wp-content\/uploads\/2019\/10\/bg-header-4.jpg","contentUrl":"https:\/\/zendental.es\/lp\/wp-content\/uploads\/2019\/10\/bg-header-4.jpg","width":968,"height":650},{"@type":"BreadcrumbList","@id":"https:\/\/zendental.es\/lp\/ebook-poliza-zen\/#breadcrumb","itemListElement":[{"@type":"ListItem","position":1,"name":"Portada","item":"https:\/\/zendental.es\/lp\/"},{"@type":"ListItem","position":2,"name":"Ebook poliza zen Librillo"}]},{"@type":"WebSite","@id":"https:\/\/zendental.es\/lp\/#website","url":"https:\/\/zendental.es\/lp\/","name":"Zendental","description":"Cl&iacute;nica dental","potentialAction":[{"@type":"SearchAction","target":{"@type":"EntryPoint","urlTemplate":"https:\/\/zendental.es\/lp\/?s={search_term_string}"},"query-input":{"@type":"PropertyValueSpecification","valueRequired":true,"valueName":"search_term_string"}}],"inLanguage":"es"}]}},"_links":{"self":[{"href":"https:\/\/zendental.es\/lp\/wp-json\/wp\/v2\/pages\/50","targetHints":{"allow":["GET"]}}],"collection":[{"href":"https:\/\/zendental.es\/lp\/wp-json\/wp\/v2\/pages"}],"about":[{"href":"https:\/\/zendental.es\/lp\/wp-json\/wp\/v2\/types\/page"}],"author":[{"embeddable":true,"href":"https:\/\/zendental.es\/lp\/wp-json\/wp\/v2\/users\/1"}],"replies":[{"embeddable":true,"href":"https:\/\/zendental.es\/lp\/wp-json\/wp\/v2\/comments?post=50"}],"version-history":[{"count":20,"href":"https:\/\/zendental.es\/lp\/wp-json\/wp\/v2\/pages\/50\/revisions"}],"predecessor-version":[{"id":967,"href":"https:\/\/zendental.es\/lp\/wp-json\/wp\/v2\/pages\/50\/revisions\/967"}],"wp:featuredmedia":[{"embeddable":true,"href":"https:\/\/zendental.es\/lp\/wp-json\/wp\/v2\/media\/162"}],"wp:attachment":[{"href":"https:\/\/zendental.es\/lp\/wp-json\/wp\/v2\/media?parent=50"}],"curies":[{"name":"wp","href":"https:\/\/api.w.org\/{rel}","templated":true}]}}