{"id":71,"date":"2019-07-21T06:48:59","date_gmt":"2019-07-21T04:48:59","guid":{"rendered":"https:\/\/zendental.es\/lp\/?page_id=71"},"modified":"2025-03-05T18:03:19","modified_gmt":"2025-03-05T17:03:19","slug":"ebook-alimentos","status":"publish","type":"page","link":"https:\/\/zendental.es\/lp\/ebook-alimentos\/","title":{"rendered":"Ebook alimentos"},"content":{"rendered":"<p>[vc_section full_width=\u00bbstretch_row\u00bb content_placement=\u00bbmiddle\u00bb css=\u00bb.vc_custom_1632506418335{margin-right: 0px !important;margin-left: 0px !important;padding-top: 50px !important;padding-bottom: 50px !important;background-image: url(https:\/\/zendental.es\/lp\/wp-content\/uploads\/2021\/09\/Guia-Visual-Alimentos-header-2.jpg?id=933) !important;background-position: center !important;background-repeat: no-repeat !important;background-size: cover !important;}\u00bb el_class=\u00bbsec-head-lp\u00bb][vc_row content_placement=\u00bbmiddle\u00bb el_id=\u00bbformulario\u00bb][vc_column width=\u00bb1\/2&#8243;][vc_column_text]<\/p>\n<h1 class=\"subtit-head-lp\" style=\"text-align: left;\">Conoce qu\u00e9 alimentos benefician tu sonrisa y cu\u00e1les la pueden perjudicar<\/h1>\n<p class=\"head-lp-p\" style=\"text-align: left;\">Descarga nuestro eBook y ent\u00e9rate de todo lo que necesitas saber para tener una sonrisa reluciente.<\/p>\n<p>[\/vc_column_text][\/vc_column][vc_column width=\u00bb1\/2&#8243; css=\u00bb.vc_custom_1573153424552{background-color: rgba(255,255,255,0.63) !important;*background-color: rgb(255,255,255) !important;border-radius: 10px !important;}\u00bb el_class=\u00bbcol-form\u00bb][vc_column_text]\t    <!-- INICIA FORMULARIO -->\n<div id='crmWebToEntityForm' class=\"form-zendental-general poliza-zen form-ebooks\">\n<META HTTP-EQUIV ='content-type' CONTENT='text\/html;charset=UTF-8'>\n<form action='https:\/\/crm.zoho.com\/crm\/WebToLeadForm' name=WebToLeads4053159000000286001 method='POST' onSubmit='javascript:document.charset=\"UTF-8\"; return checkMandatory4053159000000286001()' accept-charset='UTF-8'>\n\n <input type='text' style='display:none;' name='xnQsjsdp' value='f464b32e519f3db6aec4e67a6e762b0517dda6164a184653ea8f2923743bbff5'><\/input> \n <input type='hidden' name='zc_gad' id='zc_gad' value=''><\/input> \n <input type='text' style='display:none;' name='xmIwtLD' value='b8782b9535dd03c972af9f0e4ccc58be9935e2c98793470efa2c787dda7132bd'><\/input> \n <input type='text'  style='display:none;' name='actionType' value='TGVhZHM='><\/input>\n <input type='text' style='display:none;' name='returnURL' value='https:\/\/zendental.es\/lp\/gracias-descarga-alimentos\/'> <\/input>\n   <!-- Do not remove this code. -->\n<label>Nombre*<\/label>\n<input type='text' maxlength='40' name='First Name' placeholder=\"Pablo\" \/>\n<label>Apellido*<\/label>\n<input type='text' class=\"zohoitem box-apellido\" maxlength='80' name='Last Name' placeholder=\"Gonzalez\" \/>\n<label>Tel\u00e9fono*<\/label>\n<input type='text' maxlength='30' name='Phone' placeholder=\"000 00 00 00\" \/>\n<label>Email*<\/label>\n<input type='text' class=\"zohoitem\"  maxlength='100' name='Email' placeholder=\"pablog@gmail.com\" \/>\n<input name='Lead Source' type=\"hidden\" value=\"Organico\">\n<input name='LEADCF5' type=\"hidden\" id=\"ebooks-url\" value=\"ebook-implantes\">\n\n<input id='formsubmit' class=\"btn-ebooks\" type='submit' value='\u00a1Desc\u00e1rgalo GRATIS!' >\n<script>\n\tvar pathname = window.location.pathname.split('\/');\n\tvar pathname2 = pathname[2];\n\tdocument.getElementById(\"ebooks-url\").value = pathname2;\n\tconsole.log(pathname2);\n \t  var mndFileds=new Array('Email','First Name','Last Name','Phone');\n \t  var fldLangVal=new Array('Correo electr\u00f3nico','Nombre','Apellidos','Tel\u00e9fono'); \n\t\tvar name='';\n\t\tvar email='';\n\n \t  function checkMandatory4053159000000286001() {\n\t\tfor(i=0;i<mndFileds.length;i++) {\n\t\t  var fieldObj=document.forms['WebToLeads4053159000000286001'][mndFileds[i]];\n\t\t  if(fieldObj) {\n\t\t\tif (((fieldObj.value).replace(\/^\\s+|\\s+$\/g, '')).length==0) {\n\t\t\t if(fieldObj.type =='file')\n\t\t\t\t{ \n\t\t\t\t alert('Seleccione un archivo para cargar.'); \n\t\t\t\t fieldObj.focus(); \n\t\t\t\t return false;\n\t\t\t\t} \n\t\t\talert(fldLangVal[i] +' no puede estar vac\u00edo.'); \n   \t   \t  \t  fieldObj.focus();\n   \t   \t  \t  return false;\n\t\t\t}  else if(fieldObj.nodeName=='SELECT') {\n  \t   \t   \t if(fieldObj.options[fieldObj.selectedIndex].value=='-None-') {\n\t\t\t\talert(fldLangVal[i] +' no puede ser nulo.'); \n\t\t\t\tfieldObj.focus();\n\t\t\t\treturn false;\n\t\t\t   }\n\t\t\t} else if(fieldObj.type =='checkbox'){\n \t \t \t if(fieldObj.checked == false){\n\t\t\t\talert('Please accept  '+fldLangVal[i]);\n\t\t\t\tfieldObj.focus();\n\t\t\t\treturn false;\n\t\t\t   } \n\t\t\t } \n\t\t\t try {\n\t\t\t     if(fieldObj.name == 'Last Name') {\n\t\t\t\tname = fieldObj.value;\n \t \t \t    }\n\t\t\t} catch (e) {}\n\t\t    }\n\t\t}\n\t\ttrackVisitor();\n\t\tdocument.getElementById('formsubmit').disabled=true;\n\t}\n<\/script>\n  <\/form>\n<\/div>\n<!-- FIN FORMULARIO -->\n[\/vc_column_text][\/vc_column][\/vc_row][\/vc_section][vc_section full_width=\u00bbstretch_row\u00bb el_class=\u00bbsec-lp2&#8243; css=\u00bb.vc_custom_1573139939735{padding-top: 50px !important;padding-bottom: 50px !important;background-color: #f2f2f2 !important;}\u00bb][vc_row content_placement=\u00bbmiddle\u00bb el_class=\u00bbinvert-movil\u00bb][vc_column width=\u00bb1\/2&#8243;][vc_column_text]<\/p>\n<p class=\"tit2-sec2-lp\" style=\"text-align: center;\">\u00bfPor qu\u00e9 es importante prestar m\u00e1s atenci\u00f3n a lo que comes?<\/p>\n<p class=\"txt2-sec2-lp\" style=\"text-align: center;\">Aunque tengamos una rutina de aseo concienzuda, ello puede ser insuficiente para mantener a nuestros dientes libres del deterioro, el oscurecimiento o el manchado. Esto se debe a que, aunque cada pieza dental est\u00e1 recubierta por una una y resistente capa de esmalte, es probable que dicha superficie se vea afectada por las propiedades de ciertos alimentos que consumimos a diario.<\/p>\n<p style=\"text-align: center;\"><strong>Con lo anterior nos referimos a que algunos alimentos y bebidas pueden causar estragos en nuestro entorno bucal, da\u00f1ando progresivamente la calidad de nuestros dientes por uno u otro motivo.<\/strong><\/p>\n<p>[\/vc_column_text][vc_btn title=\u00bbDesc\u00e1rgalo ahora\u00bb style=\u00bboutline\u00bb color=\u00bbwarning\u00bb size=\u00bblg\u00bb align=\u00bbcenter\u00bb link=\u00bburl:%23formulario|||\u00bb][\/vc_column][vc_column width=\u00bb1\/2&#8243;][vc_single_image image=\u00bb931&#8243; img_size=\u00bbfull\u00bb alignment=\u00bbcenter\u00bb onclick=\u00bbcustom_link\u00bb link=\u00bb#\u00bb el_class=\u00bbimg-ebook ebook-center-movil\u00bb][\/vc_column][\/vc_row][\/vc_section][vc_section css=\u00bb.vc_custom_1579786971464{padding-top: 50px !important;padding-bottom: 50px !important;background-color: #f2f2f2 !important;}\u00bb][vc_row content_placement=\u00bbmiddle\u00bb][vc_column width=\u00bb1\/2&#8243;][vc_single_image image=\u00bb938&#8243; img_size=\u00bbfull\u00bb alignment=\u00bbcenter\u00bb][\/vc_column][vc_column width=\u00bb1\/2&#8243;][vc_column_text el_class=\u00bbtitulo-ventajas\u00bb]<\/p>\n<h3 style=\"text-align: left;\"><span data-doc-id=\"4232948000002144049\" data-doc-type=\"writer\">Aqu\u00ed algunos alimentos que debes evitar en exceso para ayudar a la salud de tus dientes:<\/span><\/h3>\n<p>[\/vc_column_text][vc_column_text el_class=\u00bblista-landing\u00bb]<\/p>\n<ul>\n<li class=\"zw-paragraph heading0\" data-header=\"0\" data-textformat=\"{&quot;ff&quot;:&quot;Roboto&quot;,&quot;fv&quot;:&quot;none&quot;,&quot;td&quot;:&quot;none&quot;,&quot;cs&quot;:&quot;0pt&quot;,&quot;fw&quot;:&quot;none&quot;,&quot;fgc&quot;:&quot;rgb(0,0,0)&quot;,&quot;size&quot;:&quot;9.75&quot;,&quot;va&quot;:&quot;baseline&quot;,&quot;fw_i&quot;:400,&quot;type&quot;:&quot;text&quot;,&quot;fs&quot;:&quot;normal&quot;,&quot;bgc&quot;:&quot;rgb(255, 255, 255)&quot;}\" data-margin-bottom=\"0pt\" data-hd-info=\"0\" data-line-height=\"1.2\" data-doc-id=\"4232948000002144049\" data-doc-type=\"writer\">Soda<\/li>\n<li class=\"zw-paragraph heading0\" data-header=\"0\" data-textformat=\"{&quot;ff&quot;:&quot;Roboto&quot;,&quot;fv&quot;:&quot;none&quot;,&quot;td&quot;:&quot;none&quot;,&quot;cs&quot;:&quot;0pt&quot;,&quot;fw&quot;:&quot;none&quot;,&quot;fgc&quot;:&quot;rgb(0,0,0)&quot;,&quot;size&quot;:&quot;9.75&quot;,&quot;va&quot;:&quot;baseline&quot;,&quot;fw_i&quot;:400,&quot;type&quot;:&quot;text&quot;,&quot;fs&quot;:&quot;normal&quot;,&quot;bgc&quot;:&quot;rgb(255, 255, 255)&quot;}\" data-margin-bottom=\"0pt\" data-hd-info=\"0\" data-line-height=\"1.2\" data-doc-id=\"4232948000002144049\" data-doc-type=\"writer\">Salsas<\/li>\n<li class=\"zw-paragraph heading0\" data-header=\"0\" data-textformat=\"{&quot;ff&quot;:&quot;Roboto&quot;,&quot;fv&quot;:&quot;none&quot;,&quot;td&quot;:&quot;none&quot;,&quot;cs&quot;:&quot;0pt&quot;,&quot;fw&quot;:&quot;none&quot;,&quot;fgc&quot;:&quot;rgb(0,0,0)&quot;,&quot;size&quot;:&quot;9.75&quot;,&quot;va&quot;:&quot;baseline&quot;,&quot;fw_i&quot;:400,&quot;type&quot;:&quot;text&quot;,&quot;fs&quot;:&quot;normal&quot;,&quot;bgc&quot;:&quot;rgb(255, 255, 255)&quot;}\" data-margin-bottom=\"0pt\" data-hd-info=\"0\" data-line-height=\"1.2\">Caf\u00e9<\/li>\n<li>T\u00e9 negro<\/li>\n<\/ul>\n<p><span data-doc-id=\"4232948000002144049\" data-doc-type=\"writer\">Pero, no todo es malo, tambi\u00e9n hay buenos alimentos que aportan a la salud de tus dientes:<\/span><\/p>\n<ul>\n<li class=\"zw-paragraph heading0\" data-header=\"0\" data-textformat=\"{&quot;ff&quot;:&quot;Roboto&quot;,&quot;fv&quot;:&quot;none&quot;,&quot;td&quot;:&quot;none&quot;,&quot;cs&quot;:&quot;0pt&quot;,&quot;fw&quot;:&quot;none&quot;,&quot;fgc&quot;:&quot;rgb(0,0,0)&quot;,&quot;size&quot;:&quot;9.75&quot;,&quot;va&quot;:&quot;baseline&quot;,&quot;fw_i&quot;:400,&quot;type&quot;:&quot;text&quot;,&quot;fs&quot;:&quot;normal&quot;,&quot;bgc&quot;:&quot;rgb(255, 255, 255)&quot;}\" data-margin-bottom=\"0pt\" data-hd-info=\"0\" data-line-height=\"1.2\" data-doc-id=\"4232948000002144049\" data-doc-type=\"writer\">Legumbres<\/li>\n<li class=\"zw-paragraph heading0\" data-header=\"0\" data-textformat=\"{&quot;ff&quot;:&quot;Roboto&quot;,&quot;fv&quot;:&quot;none&quot;,&quot;td&quot;:&quot;none&quot;,&quot;cs&quot;:&quot;0pt&quot;,&quot;fw&quot;:&quot;none&quot;,&quot;fgc&quot;:&quot;rgb(0,0,0)&quot;,&quot;size&quot;:&quot;9.75&quot;,&quot;va&quot;:&quot;baseline&quot;,&quot;fw_i&quot;:400,&quot;type&quot;:&quot;text&quot;,&quot;fs&quot;:&quot;normal&quot;,&quot;bgc&quot;:&quot;rgb(255, 255, 255)&quot;}\" data-margin-bottom=\"0pt\" data-hd-info=\"0\" data-line-height=\"1.2\">Pepino<\/li>\n<li>Zanahoria<\/li>\n<\/ul>\n<p><span data-doc-id=\"4232948000002144049\" data-doc-type=\"writer\">Si quieres conocer al detalle los alimentos que alteran o aportan a tu salud dental, este ebook es para ti.<\/span>[\/vc_column_text][\/vc_column][\/vc_row][\/vc_section][vc_section full_width=\u00bbstretch_row\u00bb el_class=\u00bbsec-lp4 cta-poliza\u00bb css=\u00bb.vc_custom_1632497028929{margin-top: 0px !important;padding-top: 50px !important;padding-bottom: 50px !important;background-image: url(https:\/\/zendental.es\/lp\/wp-content\/uploads\/2021\/09\/bg-frase1.jpg?id=922) !important;background-position: center !important;background-repeat: no-repeat !important;background-size: cover !important;}\u00bb][vc_row][vc_column][vc_column_text]<\/p>\n<h2 style=\"text-align: center;\"><span data-doc-id=\"4232948000002144049\" data-doc-type=\"writer\">\u00a1Conoce como mantener tus dientes libres del deterioro, el oscurecimiento o el manchado!<\/span><\/h2>\n<p style=\"text-align: center;\"><span data-doc-id=\"4232948000002144049\" data-doc-type=\"writer\">En Zendental te ayudamos a resolver todas tus dudas<\/span><\/p>\n<p>[\/vc_column_text][vc_btn title=\u00bbSOLICITA TU CITA CITA\u00bb style=\u00bbflat\u00bb color=\u00bbwarning\u00bb size=\u00bblg\u00bb align=\u00bbcenter\u00bb link=\u00bburl:https%3A%2F%2Fpintarcochevalencia.es%2Flp%2Fsolicita-tu-cita-zendental%2F|title:Solicita%20tu%20cita%20Zendental||\u00bb][\/vc_column][\/vc_row][\/vc_section][vc_row][vc_column][vc_raw_html]JTNDc2VjdGlvbiUyMGNsYXNzJTNEJTIyaW5zdGFncmFtLXJvdyUyMiUzRSUwQSUyMCUyMCUyMCUyMCUyMCUyMCUyMCUwOSUwOSU1Qmluc3RhZ3JhbS1mZWVkJTIwbnVtJTNEMTIlMjBjb2xzJTNENiU1RCUwQSUyMCUyMCUyMCUyMCUyMCUyMCUyMCUwOSUwOSUzQ2ElMjAlMjBjbGFzcyUzRCUyMnNpZ3Vlbm9zLWluc3RhJTIyJTIwaHJlZiUzRCUyMmh0dHBzJTNBJTJGJTJGd3d3Lmluc3RhZ3JhbS5jb20lMkZ6ZW5kZW50YWxlc3AlMkYlMjIlMjB0YXJnZXQlM0QlMjJfYmxhbmslMjIlM0UlM0NpbWclMjBzcmMlM0QlMjJodHRwcyUzQSUyRiUyRnd3dy56ZW5kZW50YWwuZXMlMkZ3cC1jb250ZW50JTJGdXBsb2FkcyUyRjIwMTklMkYwNyUyRmluc3RhZ3JhbS16ZW5kZW50YWwucG5nJTIyJTNFJTNDJTJGYSUzRSUwQSUyMCUyMCUyMCUyMCUyMCUyMCUyMCUzQyUyRnNlY3Rpb24lM0U=[\/vc_raw_html][\/vc_column][\/vc_row]<\/p>\n","protected":false},"excerpt":{"rendered":"<p>[vc_section full_width=\u00bbstretch_row\u00bb content_placement=\u00bbmiddle\u00bb css=\u00bb.vc_custom_1632506418335{margin-right: 0px !important;margin-left: 0px !important;padding-top: 50px !important;padding-bottom: 50px !important;background-image: url(https:\/\/zendental.es\/lp\/wp-content\/uploads\/2021\/09\/Guia-Visual-Alimentos-header-2.jpg?id=933) !important;background-position: center !important;background-repeat: no-repeat !important;background-size: cover !important;}\u00bb el_class=\u00bbsec-head-lp\u00bb][vc_row content_placement=\u00bbmiddle\u00bb el_id=\u00bbformulario\u00bb][vc_column width=\u00bb1\/2&#8243;][vc_column_text] Conoce qu\u00e9 alimentos benefician tu sonrisa y cu\u00e1les la pueden perjudicar Descarga nuestro eBook y ent\u00e9rate de todo lo que necesitas saber para tener una sonrisa reluciente. [\/vc_column_text][\/vc_column][vc_column width=\u00bb1\/2&#8243; css=\u00bb.vc_custom_1573153424552{background-color: rgba(255,255,255,0.63) [&hellip;]<\/p>\n","protected":false},"author":1,"featured_media":171,"parent":0,"menu_order":0,"comment_status":"closed","ping_status":"closed","template":"plantillaComposer.php","meta":{"footnotes":""},"class_list":["post-71","page","type-page","status-publish","has-post-thumbnail","hentry"],"yoast_head":"<!-- This site is optimized with the Yoast SEO plugin v26.5 - https:\/\/yoast.com\/wordpress\/plugins\/seo\/ -->\n<title>Conoce qu\u00e9 alimentos benefician tu sonrisa \u00a1Descarga el eBook!<\/title>\n<meta name=\"description\" content=\"Descarga nuestro eBook y ent\u00e9rate de todo lo que necesitas saber para tener una sonrisa reluciente.\" \/>\n<meta name=\"robots\" content=\"noindex, follow, max-snippet:-1, max-image-preview:large, max-video-preview:-1\" \/>\n<meta property=\"og:locale\" content=\"es_ES\" \/>\n<meta property=\"og:type\" content=\"article\" \/>\n<meta property=\"og:title\" content=\"Conoce qu\u00e9 alimentos benefician tu sonrisa \u00a1Descarga el eBook!\" \/>\n<meta property=\"og:description\" content=\"Descarga nuestro eBook y ent\u00e9rate de todo lo que necesitas saber para tener una sonrisa reluciente.\" \/>\n<meta property=\"og:url\" content=\"https:\/\/zendental.es\/lp\/ebook-alimentos\/\" \/>\n<meta property=\"og:site_name\" content=\"Zendental\" \/>\n<meta property=\"article:modified_time\" content=\"2025-03-05T17:03:19+00:00\" \/>\n<meta property=\"og:image\" content=\"https:\/\/zendental.es\/lp\/wp-content\/uploads\/2019\/10\/Guia-Visual-Alimentos-header-2.jpg\" \/>\n\t<meta property=\"og:image:width\" content=\"794\" \/>\n\t<meta property=\"og:image:height\" content=\"621\" \/>\n\t<meta property=\"og:image:type\" content=\"image\/jpeg\" \/>\n<meta name=\"twitter:card\" content=\"summary_large_image\" \/>\n<meta name=\"twitter:label1\" content=\"Tiempo de lectura\" \/>\n\t<meta name=\"twitter:data1\" content=\"2 minutos\" \/>\n<script type=\"application\/ld+json\" class=\"yoast-schema-graph\">{\"@context\":\"https:\/\/schema.org\",\"@graph\":[{\"@type\":\"WebPage\",\"@id\":\"https:\/\/zendental.es\/lp\/ebook-alimentos\/\",\"url\":\"https:\/\/zendental.es\/lp\/ebook-alimentos\/\",\"name\":\"Conoce qu\u00e9 alimentos benefician tu sonrisa \u00a1Descarga el eBook!\",\"isPartOf\":{\"@id\":\"https:\/\/zendental.es\/lp\/#website\"},\"primaryImageOfPage\":{\"@id\":\"https:\/\/zendental.es\/lp\/ebook-alimentos\/#primaryimage\"},\"image\":{\"@id\":\"https:\/\/zendental.es\/lp\/ebook-alimentos\/#primaryimage\"},\"thumbnailUrl\":\"https:\/\/zendental.es\/lp\/wp-content\/uploads\/2019\/10\/Guia-Visual-Alimentos-header-2.jpg\",\"datePublished\":\"2019-07-21T04:48:59+00:00\",\"dateModified\":\"2025-03-05T17:03:19+00:00\",\"description\":\"Descarga nuestro eBook y ent\u00e9rate de todo lo que necesitas saber para tener una sonrisa reluciente.\",\"breadcrumb\":{\"@id\":\"https:\/\/zendental.es\/lp\/ebook-alimentos\/#breadcrumb\"},\"inLanguage\":\"es\",\"potentialAction\":[{\"@type\":\"ReadAction\",\"target\":[\"https:\/\/zendental.es\/lp\/ebook-alimentos\/\"]}]},{\"@type\":\"ImageObject\",\"inLanguage\":\"es\",\"@id\":\"https:\/\/zendental.es\/lp\/ebook-alimentos\/#primaryimage\",\"url\":\"https:\/\/zendental.es\/lp\/wp-content\/uploads\/2019\/10\/Guia-Visual-Alimentos-header-2.jpg\",\"contentUrl\":\"https:\/\/zendental.es\/lp\/wp-content\/uploads\/2019\/10\/Guia-Visual-Alimentos-header-2.jpg\",\"width\":794,\"height\":621},{\"@type\":\"BreadcrumbList\",\"@id\":\"https:\/\/zendental.es\/lp\/ebook-alimentos\/#breadcrumb\",\"itemListElement\":[{\"@type\":\"ListItem\",\"position\":1,\"name\":\"Portada\",\"item\":\"https:\/\/zendental.es\/lp\/\"},{\"@type\":\"ListItem\",\"position\":2,\"name\":\"Ebook alimentos\"}]},{\"@type\":\"WebSite\",\"@id\":\"https:\/\/zendental.es\/lp\/#website\",\"url\":\"https:\/\/zendental.es\/lp\/\",\"name\":\"Zendental\",\"description\":\"Cl&iacute;nica dental\",\"potentialAction\":[{\"@type\":\"SearchAction\",\"target\":{\"@type\":\"EntryPoint\",\"urlTemplate\":\"https:\/\/zendental.es\/lp\/?s={search_term_string}\"},\"query-input\":{\"@type\":\"PropertyValueSpecification\",\"valueRequired\":true,\"valueName\":\"search_term_string\"}}],\"inLanguage\":\"es\"}]}<\/script>\n<!-- \/ Yoast SEO plugin. -->","yoast_head_json":{"title":"Conoce qu\u00e9 alimentos benefician tu sonrisa \u00a1Descarga el eBook!","description":"Descarga nuestro eBook y ent\u00e9rate de todo lo que necesitas saber para tener una sonrisa reluciente.","robots":{"index":"noindex","follow":"follow","max-snippet":"max-snippet:-1","max-image-preview":"max-image-preview:large","max-video-preview":"max-video-preview:-1"},"og_locale":"es_ES","og_type":"article","og_title":"Conoce qu\u00e9 alimentos benefician tu sonrisa \u00a1Descarga el eBook!","og_description":"Descarga nuestro eBook y ent\u00e9rate de todo lo que necesitas saber para tener una sonrisa reluciente.","og_url":"https:\/\/zendental.es\/lp\/ebook-alimentos\/","og_site_name":"Zendental","article_modified_time":"2025-03-05T17:03:19+00:00","og_image":[{"width":794,"height":621,"url":"https:\/\/zendental.es\/lp\/wp-content\/uploads\/2019\/10\/Guia-Visual-Alimentos-header-2.jpg","type":"image\/jpeg"}],"twitter_card":"summary_large_image","twitter_misc":{"Tiempo de lectura":"2 minutos"},"schema":{"@context":"https:\/\/schema.org","@graph":[{"@type":"WebPage","@id":"https:\/\/zendental.es\/lp\/ebook-alimentos\/","url":"https:\/\/zendental.es\/lp\/ebook-alimentos\/","name":"Conoce qu\u00e9 alimentos benefician tu sonrisa \u00a1Descarga el eBook!","isPartOf":{"@id":"https:\/\/zendental.es\/lp\/#website"},"primaryImageOfPage":{"@id":"https:\/\/zendental.es\/lp\/ebook-alimentos\/#primaryimage"},"image":{"@id":"https:\/\/zendental.es\/lp\/ebook-alimentos\/#primaryimage"},"thumbnailUrl":"https:\/\/zendental.es\/lp\/wp-content\/uploads\/2019\/10\/Guia-Visual-Alimentos-header-2.jpg","datePublished":"2019-07-21T04:48:59+00:00","dateModified":"2025-03-05T17:03:19+00:00","description":"Descarga nuestro eBook y ent\u00e9rate de todo lo que necesitas saber para tener una sonrisa reluciente.","breadcrumb":{"@id":"https:\/\/zendental.es\/lp\/ebook-alimentos\/#breadcrumb"},"inLanguage":"es","potentialAction":[{"@type":"ReadAction","target":["https:\/\/zendental.es\/lp\/ebook-alimentos\/"]}]},{"@type":"ImageObject","inLanguage":"es","@id":"https:\/\/zendental.es\/lp\/ebook-alimentos\/#primaryimage","url":"https:\/\/zendental.es\/lp\/wp-content\/uploads\/2019\/10\/Guia-Visual-Alimentos-header-2.jpg","contentUrl":"https:\/\/zendental.es\/lp\/wp-content\/uploads\/2019\/10\/Guia-Visual-Alimentos-header-2.jpg","width":794,"height":621},{"@type":"BreadcrumbList","@id":"https:\/\/zendental.es\/lp\/ebook-alimentos\/#breadcrumb","itemListElement":[{"@type":"ListItem","position":1,"name":"Portada","item":"https:\/\/zendental.es\/lp\/"},{"@type":"ListItem","position":2,"name":"Ebook alimentos"}]},{"@type":"WebSite","@id":"https:\/\/zendental.es\/lp\/#website","url":"https:\/\/zendental.es\/lp\/","name":"Zendental","description":"Cl&iacute;nica dental","potentialAction":[{"@type":"SearchAction","target":{"@type":"EntryPoint","urlTemplate":"https:\/\/zendental.es\/lp\/?s={search_term_string}"},"query-input":{"@type":"PropertyValueSpecification","valueRequired":true,"valueName":"search_term_string"}}],"inLanguage":"es"}]}},"_links":{"self":[{"href":"https:\/\/zendental.es\/lp\/wp-json\/wp\/v2\/pages\/71","targetHints":{"allow":["GET"]}}],"collection":[{"href":"https:\/\/zendental.es\/lp\/wp-json\/wp\/v2\/pages"}],"about":[{"href":"https:\/\/zendental.es\/lp\/wp-json\/wp\/v2\/types\/page"}],"author":[{"embeddable":true,"href":"https:\/\/zendental.es\/lp\/wp-json\/wp\/v2\/users\/1"}],"replies":[{"embeddable":true,"href":"https:\/\/zendental.es\/lp\/wp-json\/wp\/v2\/comments?post=71"}],"version-history":[{"count":15,"href":"https:\/\/zendental.es\/lp\/wp-json\/wp\/v2\/pages\/71\/revisions"}],"predecessor-version":[{"id":20063,"href":"https:\/\/zendental.es\/lp\/wp-json\/wp\/v2\/pages\/71\/revisions\/20063"}],"wp:featuredmedia":[{"embeddable":true,"href":"https:\/\/zendental.es\/lp\/wp-json\/wp\/v2\/media\/171"}],"wp:attachment":[{"href":"https:\/\/zendental.es\/lp\/wp-json\/wp\/v2\/media?parent=71"}],"curies":[{"name":"wp","href":"https:\/\/api.w.org\/{rel}","templated":true}]}}