{"id":80,"date":"2019-07-21T07:25:48","date_gmt":"2019-07-21T05:25:48","guid":{"rendered":"https:\/\/zendental.es\/lp\/?page_id=80"},"modified":"2024-11-29T05:43:30","modified_gmt":"2024-11-29T04:43:30","slug":"ebook-implantes","status":"publish","type":"page","link":"https:\/\/zendental.es\/lp\/ebook-implantes\/","title":{"rendered":"Ebook implantes"},"content":{"rendered":"<p>[vc_section full_width=\u00bbstretch_row\u00bb css=\u00bb.vc_custom_1574709872985{margin-right: 0px !important;margin-left: 0px !important;padding-top: 50px !important;padding-bottom: 50px !important;background-image: url(https:\/\/zendental.es\/lp\/wp-content\/uploads\/2019\/10\/bg-ebook-implantes-3.jpg?id=178) !important;background-position: center !important;background-repeat: no-repeat !important;background-size: cover !important;}\u00bb el_class=\u00bbsec-head-lp\u00bb][vc_row el_id=\u00bbformulario\u00bb][vc_column width=\u00bb1\/2&#8243;][vc_column_text]<\/p>\n<p class=\"tit-head-lp\" style=\"text-align: left;\">Descarga nuestro eBook<\/p>\n<h1 class=\"subtit-head-lp\" style=\"text-align: left;\">Todo lo que necesitas saber sobre los implantes dentales.<br \/>\nY descubre:<\/h1>\n<ul class=\"list-head-lp\">\n<li>\u00bfC\u00f3mo es el procedimiento de colocaci\u00f3n de un implante dental?<\/li>\n<li>Tipos de implantes.<\/li>\n<li>Los materiales utilizados para coronas dentales.<\/li>\n<li>Caracter\u00edsticas de los implantes Straumann<\/li>\n<li>Y mucho m\u00e1s.<\/li>\n<\/ul>\n<p>[\/vc_column_text][\/vc_column][vc_column width=\u00bb1\/2&#8243; css=\u00bb.vc_custom_1573153424552{background-color: rgba(255,255,255,0.63) !important;*background-color: rgb(255,255,255) !important;border-radius: 10px !important;}\u00bb el_class=\u00bbcol-form\u00bb][vc_column_text]\t<!-- INICIA FORMULARIO -->\n              <style>\n\t.info-top-form{\n\t\twidth:90%;\n\t\tmax-width:1170px;\n\t\tmargin:0 auto;\n\t}\n.form-mksw {\n    background-color: rgba(255, 255, 255, .7);\n    position: relative;\n    padding: 2em 2em 2em 2em;\n    border-radius: 4px;\n    margin-bottom: 40px;\n}\n\t.form-mksw h2{\n\t\tposition:relative;\n\t\ttext-align: center;\n\t\tfont-size:28px;\n\t\tpadding-bottom:10px;\n\t\tmargin-bottom:25px;\n\t}\n\t.form-mksw h2::before{\n\t\tcontent:\"\";\n\t\twidth: 100px;\n\t\theight:1px;\n    \tmargin: auto;\n    \tposition: absolute;\n\t\tbackground:#f49f20;\n\t\tleft:calc(50% - 50px);\n\t\tbottom:0;\n\t}\n\t.col-info-text p{\n\t\ttext-align:left !important;\n\t}\n\t.subtitulo{\n\t    text-align:center;\n\t    color:#fff;\n\t    font-size:24px;\n\t    font-weight:bold;\n\t    margin:-20px 0 20px 0;\n\t    padding:0;\n\t}\n\tbody{\n\t    background:#fff;\n\t}\n<\/style>\n<span id=\"formulario\"><\/span>\n<div id='crmWebToEntityForm' class=\"form-zendental-general poliza-zen form-mksw\">\n\t\t\n\t   <META HTTP-EQUIV ='content-type' CONTENT='text\/html;charset=UTF-8'>\n   <form action='https:\/\/crm.zoho.com\/crm\/WebToLeadForm' name=WebToLeads4053159000000257022 method='POST' onSubmit='javascript:document.charset=\"UTF-8\"; return checkMandatory4053159000000257022()' accept-charset='UTF-8'>\n <input type='text' style='display:none;' name='xnQsjsdp' value='f464b32e519f3db6aec4e67a6e762b0517dda6164a184653ea8f2923743bbff5'><\/input> \n <input type='hidden' name='zc_gad' id='zc_gad' value=''><\/input> \n <input type='text' style='display:none;' name='xmIwtLD' value='b8782b9535dd03c972af9f0e4ccc58be9289bf65fe5ce87eae4fb3b125cf5460'><\/input> \n <input type='text' style='display:none;' name='actionType' value='TGVhZHM='><\/input>\n <input type='text' style='display:none;' name='returnURL' value='https:\/\/zendental.es\/lp\/https:\/\/zendental.es\/lp\/gracias-descarga-ebook-implantes\/' > <\/input>\n   <!-- Do not remove this code. -->\n<input type='text' class=\"zohoitem\" maxlength='80' name='First Name' placeholder=\"Nombres*\" \/>\n<input type='text' class=\"zohoitem\" maxlength='80' name='Last Name' placeholder=\"Apellidos*\" \/>\n<input type='text' class=\"zohoitem\"  maxlength='30' name='Phone' placeholder=\"M\u00f3vil*\" \/>\n<input type='text' class=\"zohoitem\"  maxlength='100' name='Email' placeholder=\"Correo electr\u00f3nico*\" \/>\n<input  id='Lead_Source' name='Lead Source' type=\"hidden\" value=\"Organico\">\n<input  id='LEADCF9' name='LEADCF9' type=\"hidden\" value=\"sin campa\u00f1a\">\n<input  name='LEADCF5' type=\"hidden\" value=\"ebook-implantes\">\n\n<input type='checkbox' class=\"politicas\"  name='LEADCF109' checked='true'\/><span class=\"text-pol\">Acepto recibir comunicaciones por correo electr\u00f3nico de Zendental.<\/span>\n<br><br>\n<input type='checkbox' class=\"politicas\"  name='LEADCF102' checked='true' \/><span class=\"text-pol\">Estoy de acuerdo con que Zendental almacene y procese mis datos personales. Ver <a href=\"http:\/\/www.zendental.es\/terminos\/\" target=\"_blank\">t\u00e9rminos<\/a> y <a href=\"http:\/\/www.zendental.es\/privacidad\/\" target=\"_blank\">pol\u00edtica de privacidad<\/a><\/span>\n\n<input id='formsubmit' type='submit' value='Enviar' >\n  <script>\n \t  var mndFileds=new Array('Email','First Name','Last Name','Phone');\n \t  var fldLangVal=new Array('Correo electr\u00f3nico','Nombre','Apellidos','Tel\u00e9fono'); \n\t\tvar name='';\n\t\tvar email='';\n\n \t  function checkMandatory4053159000000257022() {\n\t\tfor(i=0;i<mndFileds.length;i++) {\n\t\t  var fieldObj=document.forms['WebToLeads4053159000000257022'][mndFileds[i]];\n\t\t  if(fieldObj) {\n\t\t\tif (((fieldObj.value).replace(\/^\\s+|\\s+$\/g, '')).length==0) {\n\t\t\t if(fieldObj.type =='file')\n\t\t\t\t{ \n\t\t\t\t alert('Seleccione un archivo para cargar.'); \n\t\t\t\t fieldObj.focus(); \n\t\t\t\t return false;\n\t\t\t\t} \n\t\t\talert(fldLangVal[i] +' no puede estar vac\u00edo.'); \n   \t   \t  \t  fieldObj.focus();\n   \t   \t  \t  return false;\n\t\t\t}  else if(fieldObj.nodeName=='SELECT') {\n  \t   \t   \t if(fieldObj.options[fieldObj.selectedIndex].value=='-None-') {\n\t\t\t\talert(fldLangVal[i] +' no puede ser nulo.'); \n\t\t\t\tfieldObj.focus();\n\t\t\t\treturn false;\n\t\t\t   }\n\t\t\t} else if(fieldObj.type =='checkbox'){\n \t \t \t if(fieldObj.checked == false){\n\t\t\t\talert('Please accept  '+fldLangVal[i]);\n\t\t\t\tfieldObj.focus();\n\t\t\t\treturn false;\n\t\t\t   } \n\t\t\t } \n\t\t\t try {\n\t\t\t     if(fieldObj.name == 'Last Name') {\n\t\t\t\tname = fieldObj.value;\n \t \t \t    }\n\t\t\t} catch (e) {}\n\t\t    }\n\t\t}\n\t\ttrackVisitor();\n\t\tdocument.getElementById('formsubmit').disabled=true;\n\t}\n<\/script><script type='text\/javascript' id='VisitorTracking'>var $zoho= $zoho || {};$zoho.salesiq = $zoho.salesiq || {widgetcode:'10470d6d78c505403689a2aa7e14064d8cdb2ee440ed682d8b5bec127146a20c', values:{},ready:function(){$zoho.salesiq.floatbutton.visible('hide');}};var d=document;s=d.createElement('script');s.type='text\/javascript';s.id='zsiqscript';s.defer=true;s.src='https:\/\/salesiq.zoho.com\/widget';t=d.getElementsByTagName('script')[0];t.parentNode.insertBefore(s,t);function trackVisitor(){try{if($zoho){var LDTuvidObj = document.forms['WebToLeads4053159000000257022']['LDTuvid'];if(LDTuvidObj){LDTuvidObj.value = $zoho.salesiq.visitor.uniqueid();}var firstnameObj = document.forms['WebToLeads4053159000000257022']['First Name'];if(firstnameObj){name = firstnameObj.value +' '+name;}$zoho.salesiq.visitor.name(name);var emailObj = document.forms['WebToLeads4053159000000257022']['Email'];if(emailObj){email = emailObj.value;$zoho.salesiq.visitor.email(email);}}} catch(e){}}<\/script>\n  <\/form>\n<\/div>\n<!-- FIN FORMULARIO -->\n\t[\/vc_column_text][\/vc_column][\/vc_row][\/vc_section][vc_section full_width=\u00bbstretch_row\u00bb el_class=\u00bbsec-lp2&#8243; css=\u00bb.vc_custom_1573139939735{padding-top: 50px !important;padding-bottom: 50px !important;background-color: #f2f2f2 !important;}\u00bb][vc_row][vc_column][vc_column_text]<\/p>\n<h2 class=\"tit1-sec2-lp\" style=\"text-align: center;\">Lucir una sonrisa sana y natural no es imposible<\/h2>\n<p class=\"txt1-sec2-lp\" style=\"text-align: center;\">La p\u00e9rdida de dientes es m\u00e1s com\u00fan de lo que crees, por ello los implantes dentales se han convertido en la soluci\u00f3n perfecta.<\/p>\n<p>[\/vc_column_text][\/vc_column][\/vc_row][vc_row][vc_column width=\u00bb1\/2&#8243;][vc_column_text]<\/p>\n<p class=\"tit2-sec2-lp\" style=\"text-align: center;\">Dale una soluci\u00f3n permanente a tu sonrisa.<\/p>\n<p class=\"txt2-sec2-lp\" style=\"text-align: center;\">A diferencia de la pr\u00f3tesis convencional, los implantes dentales no son removibles, mejorando su funcionalidad y proporcionando la con\u00adfianza su\u00adficiente para sonre\u00edr y masticar, lo que los hace la mejor opci\u00f3n. Sin embargo, son muchas las dudas que existen sobre el procedimiento, por ello desde Zen Dental queremos mantenerte informado y despejar todas tus dudas, por medio de nuestro<strong> eBook: Todo lo que necesitas saber sobre los implantes dentales.<\/strong><\/p>\n<p>[\/vc_column_text][vc_btn title=\u00bbDesc\u00e1rgalo ahora\u00bb style=\u00bboutline\u00bb color=\u00bbwarning\u00bb size=\u00bblg\u00bb align=\u00bbcenter\u00bb link=\u00bburl:%23formulario|||\u00bb][\/vc_column][vc_column width=\u00bb1\/2&#8243;][vc_single_image image=\u00bb207&#8243; img_size=\u00bbfull\u00bb alignment=\u00bbcenter\u00bb onclick=\u00bbcustom_link\u00bb link=\u00bb#\u00bb el_class=\u00bbimg-ebook\u00bb][\/vc_column][\/vc_row][\/vc_section][vc_section full_width=\u00bbstretch_row\u00bb el_class=\u00bbsec-lp2&#8243; css=\u00bb.vc_custom_1573075572701{padding-top: 50px !important;padding-bottom: 50px !important;}\u00bb][vc_row equal_height=\u00bbyes\u00bb][vc_column width=\u00bb1\/2&#8243; el_class=\u00bbcol1&#8243;][vc_single_image image=\u00bb224&#8243; img_size=\u00bbfull\u00bb alignment=\u00bbcenter\u00bb css=\u00bb.vc_custom_1573144468878{margin-top: 70px !important;}\u00bb][\/vc_column][vc_column width=\u00bb1\/2&#8243;][vc_column_text]<\/p>\n<p class=\"tit1-se3-lp\">En Zen Dental te ayudamos a resolver todas tus dudas.<\/p>\n<p class=\"txt1-se3-lp\" style=\"text-align: left;\">La falsa o cuestionable publicidad por parte de determinadas cadenas dentales, atrae a pacientes a sus cl\u00ednicas con campa\u00f1as ciertamente enga\u00f1osas, con informaci\u00f3n parcial y ofreciendo implantes dentales a un precio muy econ\u00f3mico, pero al llegar a la cl\u00ednica comprueban como al presupuesto se le va sumando materiales o tratamientos que no estaban incluidos en el precio de la oferta, provocando decepci\u00f3n y sorpresas al final del proceso.<\/p>\n<p class=\"tit2-se3-lp\">No queremos que te pase igual<\/p>\n<p class=\"txt2-se3-lp\">Por ello si est\u00e1s interesado en conocer todo sobre los implantes dentales, te invitamos a descargar nuestro eBook, donde podr\u00e1s:<\/p>\n<ul class=\"list1-se3-lp\">\n<li>Saber si tu caso est\u00e1 indicado para usar Implantes dentales.<\/li>\n<li>Identificar las partes del implante dental.<\/li>\n<li>Comprender el proceso de su colocaci\u00f3n.<\/li>\n<li>Conocer los materiales de mejor calidad para un implante.<\/li>\n<li>Identificar las posibles complicaciones de los implantes dentales.<\/li>\n<li>Todos los costes asociados a un tratamiento con Implantes dentales.<\/li>\n<\/ul>\n<p>[\/vc_column_text][\/vc_column][\/vc_row][\/vc_section][vc_section el_class=\u00bbsec-lp3&#8243; css=\u00bb.vc_custom_1575400883744{margin-bottom: 0px !important;background-color: #f2f2f2 !important;}\u00bb][vc_row][vc_column][vc_column_text]<\/p>\n<h2 class=\"tit-sec-porque\">\u00bfPor qu\u00e9 elegir <strong>Zen<\/strong> dental?<\/h2>\n<p class=\"txt-sec-porque\">Si has contemplado que la soluci\u00f3n a tu problema son los implantes dentales, Zen Dental es el lugar adecuado para ti. Basamos nuestro \u00e9xito en ofrecerte un servicio especializado y de calidad, que supere tus expectativas y acabe con los traumas de acudir al dentista. Adem\u00e1s, el 98% de nuestros pacientes nos recomienda.<\/p>\n<h3 class=\"tit2-sec-porque\">SOMOS TU MEJOR ALIADO PARA UNA SONRISA PERFECTA<\/h3>\n<p>[\/vc_column_text][\/vc_column][\/vc_row][vc_row css=\u00bb.vc_custom_1573144493322{margin-bottom: 50px !important;}\u00bb][vc_column width=\u00bb1\/3&#8243; el_class=\u00bbcol1&#8243;][vc_column_text]<\/p>\n<h3 class=\"tit3-sec-porque\">Equipo m\u00e9dico altamente cualificado.<\/h3>\n<p>En Zen dental contamos con Cirujanos Maxilofaciales, Cirujanos Orales e Implant\u00f3logos con amplia experiencia, que garantizan el \u00e9xito de tu tratamiento sea cual sea tu caso particular.[\/vc_column_text][\/vc_column][vc_column width=\u00bb1\/3&#8243; el_class=\u00bbcol2&#8243;][vc_column_text]<\/p>\n<h3 class=\"tit3-sec-porque\">Instalaciones adecuadas y Alta Tecnolog\u00eda<\/h3>\n<p>En Zen dental contamos con un quir\u00f3fano exclusivo para cirug\u00eda y procedimientos bajo sedaci\u00f3n consciente, pensado para mantener perfectamente la esterilidad y optimizar las condiciones de trabajo del cirujano.[\/vc_column_text][\/vc_column][vc_column width=\u00bb1\/3&#8243; el_class=\u00bbcol3&#8243;][vc_column_text]<\/p>\n<h3 class=\"tit3-sec-porque\">Sedaci\u00f3n Consciente<\/h3>\n<p>No pospongas tu tratamiento por miedo o ansiedad. \u00a1En Zen dental tenemos la soluci\u00f3n! Ponemos a tu disposici\u00f3n el servicio de Sedaci\u00f3n Consciente, que te permitir\u00e1 la m\u00e1xima relajaci\u00f3n, eliminando la ansiedad o miedos que puedas tener.[\/vc_column_text][\/vc_column][\/vc_row][\/vc_section][vc_section full_width=\u00bbstretch_row\u00bb el_class=\u00bbsec-lp4&#8243; css=\u00bb.vc_custom_1573157836436{margin-top: 0px !important;padding-top: 50px !important;padding-bottom: 50px !important;background-image: url(https:\/\/zendental.es\/lp\/wp-content\/uploads\/2019\/11\/implantes-dentales-ebook-landing-1024&#215;331.jpg?id=232) !important;}\u00bb][vc_row][vc_column][vc_column_text]<\/p>\n<h2 style=\"text-align: center;\">Implantes de alta calidad<\/h2>\n<h3 style=\"text-align: center;\">30% de descuento<\/h3>\n<h2 style=\"text-align: center;\">Financiaci\u00f3n a 6 meses sin intereses<\/h2>\n<p>[\/vc_column_text][\/vc_column][\/vc_row][\/vc_section][vc_section el_class=\u00bbsec-lp5&#8243;][vc_row][vc_column][vc_column_text]<\/p>\n<h2 class=\"tit1-sec5\">Recibe <strong>30% de descuento<\/strong> en tus Implantes Dentales<\/h2>\n<p>[\/vc_column_text][\/vc_column][\/vc_row][vc_row][vc_column width=\u00bb1\/2&#8243; css=\u00bb.vc_custom_1573144181849{margin-top: 40px !important;padding-right: 10% !important;padding-left: 10% !important;}\u00bb][vc_column_text]<\/p>\n<p class=\"txt-sec5\">Al contratar nuestras P\u00f3lizas Zen recibes la asistencia dental que te mereces por menos de lo que te imaginas.<\/p>\n<h3 class=\"tit2-sec5\">Obt\u00e9n 30% de descuento en tus implantes dentales y luce una sonrisa perfecta.<\/h3>\n<p class=\"txt-sec5\">Zen dental no es una franquicia, ni una aseguradora, pero tenemos precios tan competitivos como \u00e9stas, con el trato exclusivo de una cl\u00ednica dental privada, con instalaciones de vanguardia y odont\u00f3logos de alto nivel.<\/p>\n<p>[\/vc_column_text][vc_btn title=\u00bbPIDE CITA\u00bb style=\u00bboutline\u00bb color=\u00bbwarning\u00bb size=\u00bblg\u00bb align=\u00bbcenter\u00bb link=\u00bburl:https%3A%2F%2Fpintarcochevalencia.es%2Flp%2Fsolicita-tu-cita-zendental%2F|title:Solicita%20tu%20cita%20Zendental||\u00bb][\/vc_column][vc_column width=\u00bb1\/2&#8243;][vc_single_image image=\u00bb196&#8243; img_size=\u00bbfull\u00bb alignment=\u00bbcenter\u00bb][\/vc_column][\/vc_row][\/vc_section][vc_row][vc_column][vc_raw_html]JTNDc2VjdGlvbiUyMGNsYXNzJTNEJTIyaW5zdGFncmFtLXJvdyUyMiUzRSUwQSUyMCUyMCUyMCUyMCUyMCUyMCUyMCUwOSUwOSU1Qmluc3RhZ3JhbS1mZWVkJTIwbnVtJTNEMTIlMjBjb2xzJTNENiU1RCUwQSUyMCUyMCUyMCUyMCUyMCUyMCUyMCUwOSUwOSUzQ2ElMjAlMjBjbGFzcyUzRCUyMnNpZ3Vlbm9zLWluc3RhJTIyJTIwaHJlZiUzRCUyMmh0dHBzJTNBJTJGJTJGd3d3Lmluc3RhZ3JhbS5jb20lMkZ6ZW5kZW50YWxlc3AlMkYlMjIlMjB0YXJnZXQlM0QlMjJfYmxhbmslMjIlM0UlM0NpbWclMjBzcmMlM0QlMjJodHRwcyUzQSUyRiUyRnd3dy56ZW5kZW50YWwuZXMlMkZ3cC1jb250ZW50JTJGdXBsb2FkcyUyRjIwMTklMkYwNyUyRmluc3RhZ3JhbS16ZW5kZW50YWwucG5nJTIyJTNFJTNDJTJGYSUzRSUwQSUyMCUyMCUyMCUyMCUyMCUyMCUyMCUzQyUyRnNlY3Rpb24lM0U=[\/vc_raw_html][\/vc_column][\/vc_row]<\/p>\n","protected":false},"excerpt":{"rendered":"<p>[vc_section full_width=\u00bbstretch_row\u00bb css=\u00bb.vc_custom_1574709872985{margin-right: 0px !important;margin-left: 0px !important;padding-top: 50px !important;padding-bottom: 50px !important;background-image: url(https:\/\/zendental.es\/lp\/wp-content\/uploads\/2019\/10\/bg-ebook-implantes-3.jpg?id=178) !important;background-position: center !important;background-repeat: no-repeat !important;background-size: cover !important;}\u00bb el_class=\u00bbsec-head-lp\u00bb][vc_row el_id=\u00bbformulario\u00bb][vc_column width=\u00bb1\/2&#8243;][vc_column_text] Descarga nuestro eBook Todo lo que necesitas saber sobre los implantes dentales. Y descubre: \u00bfC\u00f3mo es el procedimiento de colocaci\u00f3n de un implante dental? Tipos de implantes. Los materiales utilizados para coronas dentales. [&hellip;]<\/p>\n","protected":false},"author":1,"featured_media":178,"parent":0,"menu_order":0,"comment_status":"closed","ping_status":"closed","template":"plantillaComposer.php","meta":{"footnotes":""},"class_list":["post-80","page","type-page","status-publish","has-post-thumbnail","hentry"],"yoast_head":"<!-- This site is optimized with the Yoast SEO plugin v26.5 - https:\/\/yoast.com\/wordpress\/plugins\/seo\/ -->\n<title>Ebook implantes - Zendental<\/title>\n<meta name=\"description\" content=\"\u00bfTienes dudas sobre los implantes dentales? Descarga nuestro eBook y ent\u00e9rate de todo lo que necesitas saber antes de iniciar tu tratamiento\" \/>\n<meta name=\"robots\" content=\"noindex, follow, max-snippet:-1, max-image-preview:large, max-video-preview:-1\" \/>\n<meta property=\"og:locale\" content=\"es_ES\" \/>\n<meta property=\"og:type\" content=\"article\" \/>\n<meta property=\"og:title\" content=\"Ebook implantes - Zendental\" \/>\n<meta property=\"og:description\" content=\"\u00bfTienes dudas sobre los implantes dentales? Descarga nuestro eBook y ent\u00e9rate de todo lo que necesitas saber antes de iniciar tu tratamiento\" \/>\n<meta property=\"og:url\" content=\"https:\/\/zendental.es\/lp\/ebook-implantes\/\" \/>\n<meta property=\"og:site_name\" content=\"Zendental\" \/>\n<meta property=\"article:modified_time\" content=\"2024-11-29T04:43:30+00:00\" \/>\n<meta property=\"og:image\" content=\"https:\/\/zendental.es\/lp\/wp-content\/uploads\/2019\/10\/bg-ebook-implantes-3.jpg\" \/>\n\t<meta property=\"og:image:width\" content=\"1920\" \/>\n\t<meta property=\"og:image:height\" content=\"1101\" \/>\n\t<meta property=\"og:image:type\" content=\"image\/jpeg\" \/>\n<meta name=\"twitter:card\" content=\"summary_large_image\" \/>\n<meta name=\"twitter:label1\" content=\"Tiempo de lectura\" \/>\n\t<meta name=\"twitter:data1\" content=\"4 minutos\" \/>\n<script type=\"application\/ld+json\" class=\"yoast-schema-graph\">{\"@context\":\"https:\/\/schema.org\",\"@graph\":[{\"@type\":\"WebPage\",\"@id\":\"https:\/\/zendental.es\/lp\/ebook-implantes\/\",\"url\":\"https:\/\/zendental.es\/lp\/ebook-implantes\/\",\"name\":\"Ebook implantes - Zendental\",\"isPartOf\":{\"@id\":\"https:\/\/zendental.es\/lp\/#website\"},\"primaryImageOfPage\":{\"@id\":\"https:\/\/zendental.es\/lp\/ebook-implantes\/#primaryimage\"},\"image\":{\"@id\":\"https:\/\/zendental.es\/lp\/ebook-implantes\/#primaryimage\"},\"thumbnailUrl\":\"https:\/\/zendental.es\/lp\/wp-content\/uploads\/2019\/10\/bg-ebook-implantes-3.jpg\",\"datePublished\":\"2019-07-21T05:25:48+00:00\",\"dateModified\":\"2024-11-29T04:43:30+00:00\",\"description\":\"\u00bfTienes dudas sobre los implantes dentales? Descarga nuestro eBook y ent\u00e9rate de todo lo que necesitas saber antes de iniciar tu tratamiento\",\"breadcrumb\":{\"@id\":\"https:\/\/zendental.es\/lp\/ebook-implantes\/#breadcrumb\"},\"inLanguage\":\"es\",\"potentialAction\":[{\"@type\":\"ReadAction\",\"target\":[\"https:\/\/zendental.es\/lp\/ebook-implantes\/\"]}]},{\"@type\":\"ImageObject\",\"inLanguage\":\"es\",\"@id\":\"https:\/\/zendental.es\/lp\/ebook-implantes\/#primaryimage\",\"url\":\"https:\/\/zendental.es\/lp\/wp-content\/uploads\/2019\/10\/bg-ebook-implantes-3.jpg\",\"contentUrl\":\"https:\/\/zendental.es\/lp\/wp-content\/uploads\/2019\/10\/bg-ebook-implantes-3.jpg\",\"width\":1920,\"height\":1101},{\"@type\":\"BreadcrumbList\",\"@id\":\"https:\/\/zendental.es\/lp\/ebook-implantes\/#breadcrumb\",\"itemListElement\":[{\"@type\":\"ListItem\",\"position\":1,\"name\":\"Portada\",\"item\":\"https:\/\/zendental.es\/lp\/\"},{\"@type\":\"ListItem\",\"position\":2,\"name\":\"Ebook implantes\"}]},{\"@type\":\"WebSite\",\"@id\":\"https:\/\/zendental.es\/lp\/#website\",\"url\":\"https:\/\/zendental.es\/lp\/\",\"name\":\"Zendental\",\"description\":\"Cl&iacute;nica dental\",\"potentialAction\":[{\"@type\":\"SearchAction\",\"target\":{\"@type\":\"EntryPoint\",\"urlTemplate\":\"https:\/\/zendental.es\/lp\/?s={search_term_string}\"},\"query-input\":{\"@type\":\"PropertyValueSpecification\",\"valueRequired\":true,\"valueName\":\"search_term_string\"}}],\"inLanguage\":\"es\"}]}<\/script>\n<!-- \/ Yoast SEO plugin. -->","yoast_head_json":{"title":"Ebook implantes - Zendental","description":"\u00bfTienes dudas sobre los implantes dentales? Descarga nuestro eBook y ent\u00e9rate de todo lo que necesitas saber antes de iniciar tu tratamiento","robots":{"index":"noindex","follow":"follow","max-snippet":"max-snippet:-1","max-image-preview":"max-image-preview:large","max-video-preview":"max-video-preview:-1"},"og_locale":"es_ES","og_type":"article","og_title":"Ebook implantes - Zendental","og_description":"\u00bfTienes dudas sobre los implantes dentales? Descarga nuestro eBook y ent\u00e9rate de todo lo que necesitas saber antes de iniciar tu tratamiento","og_url":"https:\/\/zendental.es\/lp\/ebook-implantes\/","og_site_name":"Zendental","article_modified_time":"2024-11-29T04:43:30+00:00","og_image":[{"width":1920,"height":1101,"url":"https:\/\/zendental.es\/lp\/wp-content\/uploads\/2019\/10\/bg-ebook-implantes-3.jpg","type":"image\/jpeg"}],"twitter_card":"summary_large_image","twitter_misc":{"Tiempo de lectura":"4 minutos"},"schema":{"@context":"https:\/\/schema.org","@graph":[{"@type":"WebPage","@id":"https:\/\/zendental.es\/lp\/ebook-implantes\/","url":"https:\/\/zendental.es\/lp\/ebook-implantes\/","name":"Ebook implantes - Zendental","isPartOf":{"@id":"https:\/\/zendental.es\/lp\/#website"},"primaryImageOfPage":{"@id":"https:\/\/zendental.es\/lp\/ebook-implantes\/#primaryimage"},"image":{"@id":"https:\/\/zendental.es\/lp\/ebook-implantes\/#primaryimage"},"thumbnailUrl":"https:\/\/zendental.es\/lp\/wp-content\/uploads\/2019\/10\/bg-ebook-implantes-3.jpg","datePublished":"2019-07-21T05:25:48+00:00","dateModified":"2024-11-29T04:43:30+00:00","description":"\u00bfTienes dudas sobre los implantes dentales? Descarga nuestro eBook y ent\u00e9rate de todo lo que necesitas saber antes de iniciar tu tratamiento","breadcrumb":{"@id":"https:\/\/zendental.es\/lp\/ebook-implantes\/#breadcrumb"},"inLanguage":"es","potentialAction":[{"@type":"ReadAction","target":["https:\/\/zendental.es\/lp\/ebook-implantes\/"]}]},{"@type":"ImageObject","inLanguage":"es","@id":"https:\/\/zendental.es\/lp\/ebook-implantes\/#primaryimage","url":"https:\/\/zendental.es\/lp\/wp-content\/uploads\/2019\/10\/bg-ebook-implantes-3.jpg","contentUrl":"https:\/\/zendental.es\/lp\/wp-content\/uploads\/2019\/10\/bg-ebook-implantes-3.jpg","width":1920,"height":1101},{"@type":"BreadcrumbList","@id":"https:\/\/zendental.es\/lp\/ebook-implantes\/#breadcrumb","itemListElement":[{"@type":"ListItem","position":1,"name":"Portada","item":"https:\/\/zendental.es\/lp\/"},{"@type":"ListItem","position":2,"name":"Ebook implantes"}]},{"@type":"WebSite","@id":"https:\/\/zendental.es\/lp\/#website","url":"https:\/\/zendental.es\/lp\/","name":"Zendental","description":"Cl&iacute;nica dental","potentialAction":[{"@type":"SearchAction","target":{"@type":"EntryPoint","urlTemplate":"https:\/\/zendental.es\/lp\/?s={search_term_string}"},"query-input":{"@type":"PropertyValueSpecification","valueRequired":true,"valueName":"search_term_string"}}],"inLanguage":"es"}]}},"_links":{"self":[{"href":"https:\/\/zendental.es\/lp\/wp-json\/wp\/v2\/pages\/80","targetHints":{"allow":["GET"]}}],"collection":[{"href":"https:\/\/zendental.es\/lp\/wp-json\/wp\/v2\/pages"}],"about":[{"href":"https:\/\/zendental.es\/lp\/wp-json\/wp\/v2\/types\/page"}],"author":[{"embeddable":true,"href":"https:\/\/zendental.es\/lp\/wp-json\/wp\/v2\/users\/1"}],"replies":[{"embeddable":true,"href":"https:\/\/zendental.es\/lp\/wp-json\/wp\/v2\/comments?post=80"}],"version-history":[{"count":54,"href":"https:\/\/zendental.es\/lp\/wp-json\/wp\/v2\/pages\/80\/revisions"}],"predecessor-version":[{"id":1889,"href":"https:\/\/zendental.es\/lp\/wp-json\/wp\/v2\/pages\/80\/revisions\/1889"}],"wp:featuredmedia":[{"embeddable":true,"href":"https:\/\/zendental.es\/lp\/wp-json\/wp\/v2\/media\/178"}],"wp:attachment":[{"href":"https:\/\/zendental.es\/lp\/wp-json\/wp\/v2\/media?parent=80"}],"curies":[{"name":"wp","href":"https:\/\/api.w.org\/{rel}","templated":true}]}}